{"id":2208,"date":"2019-07-03T09:08:17","date_gmt":"2019-07-03T07:08:17","guid":{"rendered":"https:\/\/motorsportengineering.com\/unsubscribed\/"},"modified":"2019-07-03T09:08:17","modified_gmt":"2019-07-03T07:08:17","slug":"disiscritto","status":"publish","type":"page","link":"https:\/\/motorsportengineering.com\/it\/disiscritto\/","title":{"rendered":"Non iscritto"},"content":{"rendered":"<h2>La tua email \u00e8 stata cancellata.<\/h2>\n<p>Ci\u00f2 significa che non riceverete ulteriori comunicazioni di marketing da parte nostra, ma potreste ricevere e-mail transazionali relative alla fatturazione.<\/p>\n<p>Si noti che l'adesione a qualsiasi modulo o programma di optin sul nostro sito costituisce un consenso implicito e pu\u00f2 comportare l'inizio di una nuova ricezione di comunicazioni via e-mail.<\/p>","protected":false},"excerpt":{"rendered":"<p>Il vostro indirizzo e-mail \u00e8 stato cancellato. Ci\u00f2 significa che non riceverete pi\u00f9 alcuna comunicazione di marketing da parte nostra, ma potrete ricevere e-mail transazionali relative alla fatturazione. Si noti che la ripetizione dell'iscrizione a qualsiasi modulo o programma di optin sul nostro sito costituisce un consenso implicito e pu\u00f2 comportare la ricominciazione a ricevere comunicazioni via e-mail.<\/p>","protected":false},"author":1,"featured_media":0,"parent":0,"menu_order":0,"comment_status":"closed","ping_status":"closed","template":"","meta":{"_breakdance_hide_in_design_set":false,"_breakdance_tags":"","footnotes":""},"class_list":["post-2208","page","type-page","status-publish","hentry"],"meta_box":[],"_links":{"self":[{"href":"https:\/\/motorsportengineering.com\/it\/wp-json\/wp\/v2\/pages\/2208","targetHints":{"allow":["GET"]}}],"collection":[{"href":"https:\/\/motorsportengineering.com\/it\/wp-json\/wp\/v2\/pages"}],"about":[{"href":"https:\/\/motorsportengineering.com\/it\/wp-json\/wp\/v2\/types\/page"}],"author":[{"embeddable":true,"href":"https:\/\/motorsportengineering.com\/it\/wp-json\/wp\/v2\/users\/1"}],"replies":[{"embeddable":true,"href":"https:\/\/motorsportengineering.com\/it\/wp-json\/wp\/v2\/comments?post=2208"}],"version-history":[{"count":0,"href":"https:\/\/motorsportengineering.com\/it\/wp-json\/wp\/v2\/pages\/2208\/revisions"}],"wp:attachment":[{"href":"https:\/\/motorsportengineering.com\/it\/wp-json\/wp\/v2\/media?parent=2208"}],"curies":[{"name":"wp","href":"https:\/\/api.w.org\/{rel}","templated":true}]}}