{"id":20003,"date":"2023-10-11T02:31:54","date_gmt":"2023-10-11T00:31:54","guid":{"rendered":"https:\/\/motorsportengineering.com\/privacy-statement-us\/"},"modified":"2023-10-11T02:31:54","modified_gmt":"2023-10-11T00:31:54","slug":"dichiarazione-sulla-privacy-noi","status":"publish","type":"page","link":"https:\/\/motorsportengineering.com\/it\/dichiarazione-sulla-privacy-noi\/","title":{"rendered":"Dichiarazione sulla privacy (USA)"},"content":{"rendered":"<!-- Legal document generated by Complianz | GDPR\/CCPA Cookie Consent https:\/\/wordpress.org\/plugins\/complianz-gdpr -->\n<div id=\"cmplz-document\" class=\"cmplz-document privacy-statement cmplz-document-us\"><p><i>La presente informativa sulla privacy \u00e8 stata modificata l'ultima volta l'11 ottobre 2023, \u00e8 stata controllata l'ultima volta l'11 ottobre 2023 e si applica ai cittadini e ai residenti permanenti legali degli Stati Uniti.<\/i><br \/><br \/><\/p><p>In questa informativa sulla privacy, spieghiamo cosa facciamo con i dati che otteniamo su di voi tramite <a href=\"https:\/\/motorsportengineering.com\/it\">https:\/\/motorsportengineering.com\/it<\/a>. Vi consigliamo di leggere attentamente la presente informativa. Nel nostro trattamento rispettiamo i requisiti della legislazione sulla privacy. Ci\u00f2 significa, tra l'altro, che:<ul>\n                <li>dichiariamo chiaramente le finalit\u00e0 per cui trattiamo i dati personali. Ci\u00f2 avviene attraverso la presente dichiarazione sulla privacy;<\/li>\n                <li>ci proponiamo di limitare la raccolta di dati personali ai soli dati personali necessari per scopi legittimi;<\/li>\n                <li>chiediamo prima il vostro consenso esplicito per trattare i vostri dati personali nei casi che richiedono il vostro consenso;<\/li>\n                <li>adottiamo misure di sicurezza adeguate per proteggere i vostri dati personali e lo richiediamo anche alle parti che trattano i dati personali per nostro conto;<\/li>\n                <li>rispettiamo il vostro diritto di accedere ai vostri dati personali o di farli correggere o cancellare, su vostra richiesta.<\/li>\n            <\/ul><\/p><p>Se avete domande o volete sapere esattamente quali dati conserviamo su di voi, contattateci.<\/p><h2>1. Scopo e categoria del dato<\/h2><p>Possiamo raccogliere o ricevere informazioni personali per una serie di scopi legati alle nostre operazioni commerciali che possono includere quanto segue: (clicca per espandere)<\/b><\/p><details class=\"cmplz-dropdown dropdown-privacy-statement\"><summary><div><h3>1.1 Contatto - Tramite telefono, posta, email e\/o moduli web<\/h3><\/div><\/summary><p class=\"cmplz-subtitle\">Vengono raccolte le seguenti categorie di dati<\/p><p><ul><li>Un nome e cognome<\/li><li>Un indirizzo e-mail<\/li><li>Un numero di telefono<\/li><li>Indirizzo IP<\/li><li>Dati di nascita<\/li><li>Sesso<\/li><\/ul><\/p><p class=\"cmplz-subtitle\">Periodo di conservazione<\/p><p>Conserviamo questi dati fino al termine del servizio.<\/p><\/details><details class=\"cmplz-dropdown dropdown-privacy-statement\"><summary><div><h3>1.2 Registrazione account<\/h3><\/div><\/summary><p class=\"cmplz-subtitle\">Vengono raccolte le seguenti categorie di dati<\/p><p><ul><li>Un nome e cognome<\/li><li>Nome account o alias<\/li><li>Un indirizzo e-mail<\/li><li>Dati geolocalizzazione<\/li><\/ul><\/p><p class=\"cmplz-subtitle\">Periodo di conservazione<\/p><p>Conserviamo questi dati fino al termine del servizio.<\/p><\/details><details class=\"cmplz-dropdown dropdown-privacy-statement\"><summary><div><h3>1.3 Newsletter<\/h3><\/div><\/summary><p class=\"cmplz-subtitle\">Vengono raccolte le seguenti categorie di dati<\/p><p><ul><li>Un nome e cognome<\/li><li>Un indirizzo e-mail<\/li><\/ul><\/p><p class=\"cmplz-subtitle\">Periodo di conservazione<\/p><p>Conserviamo questi dati fino al termine del servizio.<\/p><\/details><details class=\"cmplz-dropdown dropdown-privacy-statement\"><summary><div><h3>1.4 Per essere in grado di rispettare gli obblighi legali<\/h3><\/div><\/summary><p class=\"cmplz-subtitle\">Vengono raccolte le seguenti categorie di dati<\/p><p><ul><li>Un nome e cognome<\/li><li>Nome account o alias<\/li><li>Un indirizzo e-mail<\/li><li>Un numero di telefono<\/li><li>Indirizzo IP<\/li><li>Dati geolocalizzazione<\/li><li>Dati di nascita<\/li><li>Sesso<\/li><\/ul><\/p><p class=\"cmplz-subtitle\">Periodo di conservazione<\/p><p>Conserviamo questi dati fino al termine del servizio.<\/p><\/details><details class=\"cmplz-dropdown dropdown-privacy-statement\"><summary><div><h3>1.5 Compilazione ed analisi di statistiche per migliorare il sito.<\/h3><\/div><\/summary><p class=\"cmplz-subtitle\">Vengono raccolte le seguenti categorie di dati<\/p><p><ul><li>Dati geolocalizzazione<\/li><\/ul><\/p><p class=\"cmplz-subtitle\">Periodo di conservazione<\/p><p>Conserviamo questi dati fino al termine del servizio.<\/p><\/details><h2>2. Condivisione con altre parti<\/h2><p>Condividiamo o divulghiamo questi dati ad altri destinatari solo per i seguenti scopi:<\/p><h2>3. Pratiche di divulgazione<\/h2><p><p>Comunichiamo informazioni personali se ci viene richiesto dalla legge o da un ordine del tribunale, in risposta a un'autorit\u00e0 incaricata dell'applicazione della legge, nella misura consentita da altre disposizioni di legge, per fornire informazioni o per un'indagine su una questione relativa alla sicurezza pubblica.<\/p><p>Se il nostro sito Web o organizzazione viene rilevato, venduto o coinvolto in una fusione o acquisizione, i tuoi dati potrebbero essere divulgati ai nostri consulenti e a eventuali potenziali acquirenti e saranno trasmessi ai nuovi proprietari.<\/p><\/p><h2>4. Come rispondiamo ai segnali Do Not Track e al Controllo Globale della Privacy <\/h2><p>Il nostro sito web risponde e supporta il campo di richiesta dell'intestazione Do Not Track (DNT). Se l'utente attiva il DNT nel proprio browser, tali preferenze ci vengono comunicate nell'intestazione della richiesta HTTP e noi non tracceremo il suo comportamento di navigazione.<\/p><h2>5. I biscotti<\/h2><p>Il nostro sito web utilizza i cookie. Per ulteriori informazioni sui cookie, si prega di consultare la nostra Politica sui cookie sul nostro sito web. <a href=\"https:\/\/motorsportengineering.com\/it\/preferenze-di-opt-out\/\">Preferenze di opt-out<\/a> pagina web.&nbsp;<\/p><p>Abbiamo stipulato un accordo per l'elaborazione dei dati con Google.<\/p><p>L'inclusione di indirizzi IP completi \u00e8 da noi bloccata.<\/p><h2>6. La sicurezza<\/h2><p>Ci impegniamo a garantire la sicurezza dei dati personali. Adottiamo misure di sicurezza adeguate per limitare l'abuso e l'accesso non autorizzato ai dati personali. In questo modo garantiamo che solo le persone necessarie abbiano accesso ai vostri dati, che l'accesso ai dati sia protetto e che le nostre misure di sicurezza siano riviste regolarmente.<\/p><p>Le misure di sicurezza che utilizziamo consistono in:<\/p><p><ul><li>Sicurezza d&#039;Accesso<\/li><li>DKIM, SPF, DMARC e altre impostazioni DNS specifiche<\/li><li>Crittografia (START)TLS \/ SSL \/ DANE<\/li><li>Indurimento Sito\/Funzioni di Sicurezza<\/li><li>Misure di sicurezza dell&#039;hardware che contiene o elabora dati personali.<\/li><li>Certificazione ISO27001\/27002<\/li><li>HTTP Strict Transport Security e relative intestazioni di sicurezza e politiche del browser<\/li><\/ul><\/p><h2>7. Siti web di terzi<\/h2><p>La presente informativa sulla privacy non si applica ai siti web di terzi collegati tramite link al nostro sito. Non possiamo garantire che queste terze parti trattino i vostri dati personali in modo affidabile o sicuro. Vi consigliamo di leggere le dichiarazioni sulla privacy di questi siti web prima di utilizzarli.<\/p><h2>8. Modifiche alla presente informativa sulla privacy<\/h2><p>Ci riserviamo il diritto di apportare modifiche alla presente informativa sulla privacy. Si consiglia di consultare regolarmente la presente informativa sulla privacy per essere al corrente di eventuali modifiche. Inoltre, vi informeremo attivamente ogni volta che sar\u00e0 possibile.<\/p><h2>9. Accesso e modifica dei dati<\/h2><p>Se avete domande o volete sapere quali dati personali vi riguardano, contattateci. Vi preghiamo di indicare sempre chiaramente chi siete, in modo da essere certi di non modificare o cancellare i dati della persona sbagliata. Forniremo le informazioni richieste solo dopo aver ricevuto una richiesta verificabile da parte del consumatore. Potete contattarci utilizzando le informazioni riportate di seguito. Avete i seguenti diritti:<\/p><p class=\"cmplz-subtitle\">9.1 L'utente ha i seguenti diritti in relazione ai suoi dati personali<\/p><ol class=\"alphabetic\">\n                        <li>Potete presentare una richiesta di accesso ai dati che trattiamo su di voi.<\/li>\n                        <li>Potete opporvi al trattamento.<\/li>\n                        <li>Potete richiedere una panoramica, in un formato di uso comune, dei dati che trattiamo su di voi.<\/li>\n                        <li>L'utente pu\u00f2 chiedere la rettifica o la cancellazione dei dati se sono errati o non pi\u00f9 pertinenti, oppure chiedere di limitare il trattamento dei dati.<\/li>\n                        <li>Potete appellarvi alla nostra decisione ogni volta che rifiutiamo di dare seguito a una richiesta e presentare un reclamo all'autorit\u00e0 competente se il vostro appello viene respinto.<\/li>\n                      <\/ol><p class=\"cmplz-subtitle\">9.2 Integratori<\/p><p>Questa sezione, che integra il resto della presente Informativa sulla privacy, si applica ai cittadini e ai residenti permanenti legali di California (CPRA), Colorado (CPA), Connecticut (CTDPA), Nevada (NRS 603A), Utah (UCPA) e Virginia (CDPA).<\/p><details class=\"cmplz-dropdown dropdown-privacy-statement\"><summary><div><h3>California<\/h3><\/div><\/summary>\n      <h4>Diritto di sapere quali informazioni personali vengono raccolte su di voi<\/h4>\n      <p>Un consumatore ha il diritto di chiedere che un'azienda che raccoglie informazioni personali sul consumatore gli comunichi quanto segue:<\/p>\n      <ol class=\"alphabetic\">\n      <li>Le categorie di informazioni personali raccolte su quel consumatore.<\/li>\n      <li>Le categorie di fonti da cui vengono raccolte le informazioni personali.<\/li>\n      <li>Lo scopo aziendale o commerciale della raccolta o della vendita di informazioni personali.<\/li>\n      <li>Le categorie di terzi con cui l'azienda condivide le informazioni personali.<\/li>\n      <li>Le informazioni personali specifiche raccolte su quel consumatore.<\/li>\n      <\/ol>\n      <br \/>\n\n      <h4>Il diritto di sapere se le informazioni personali vengono vendute o divulgate e a chi.<\/h4>\n      <p>Un consumatore ha il diritto di chiedere che un'azienda che vende le informazioni personali del consumatore, o che le divulga per un fine commerciale, gliele comunichi:<\/p>\n      <ol class=\"alphabetic\">\n      <li>Le categorie di informazioni personali che l'azienda ha raccolto sul consumatore.<\/li>\n      <li>Le categorie di informazioni personali che l'azienda ha venduto sul consumatore e le categorie di terzi a cui sono state vendute le informazioni personali, per categoria o categorie di informazioni personali per ogni terzo a cui sono state vendute le informazioni personali.<\/li>\n      <li>Le categorie di informazioni personali che l'azienda ha divulgato sul consumatore per uno scopo commerciale.<\/li>\n      <\/ol>\n      <br \/>\n      <h4>Diritto alla parit\u00e0 di servizio e di prezzo, anche se si esercita il diritto alla privacy<\/h4>\n      <br \/>\n      <p>Un consumatore ha il diritto di chiedere che un'azienda cancelli tutte le informazioni personali sul consumatore che l'azienda ha raccolto da lui.<\/p>\n      <br \/>\n      <p>Un'azienda che riceve una richiesta verificabile da parte di un consumatore di cancellare le informazioni personali del consumatore ai sensi della sottodivisione (a) della presente sezione deve cancellare le informazioni personali del consumatore dai propri registri e indirizzare qualsiasi fornitore di servizi a cancellare le informazioni personali del consumatore dai propri registri.<\/p>\n      <br \/>\n      <p>Un'azienda o un fornitore di servizi non \u00e8 tenuto a soddisfare la richiesta di un consumatore di cancellare le sue informazioni personali se \u00e8 necessario che l'azienda o il fornitore di servizi mantenga le informazioni personali del consumatore al fine di:<\/p>\n      <ol class=\"alphabetic\">\n      <li>Completare la transazione per la quale sono state raccolte le informazioni personali, fornire un bene o un servizio richiesto dal consumatore, o ragionevolmente previsto nel contesto di un rapporto commerciale in corso con il consumatore, o altrimenti eseguire un contratto tra l'azienda e il consumatore.<\/li>\n      <li>Rilevare incidenti di sicurezza, proteggere da attivit\u00e0 dolose, ingannevoli, fraudolente o illegali o perseguire i responsabili di tali attivit\u00e0.<\/li>\n      <li>Debug per identificare e riparare gli errori che compromettono la funzionalit\u00e0 esistente.<\/li>\n      <li>Esercitare la libert\u00e0 di parola, garantire il diritto di un altro consumatore di esercitare il proprio diritto alla libert\u00e0 di parola o esercitare un altro diritto previsto dalla legge.<\/li>\n      <li>Rispettare la legge sulla privacy delle comunicazioni elettroniche della California (California Electronic Communications Privacy Act) ai sensi del Capitolo 3.6 (a partire dalla Sezione 1546) del Titolo 12 della Parte 2 del Codice penale.<\/li>\n      <li>Impegnarsi in ricerche scientifiche, storiche o statistiche pubbliche o sottoposte a revisione paritetica nell'interesse pubblico, nel rispetto di tutte le altre leggi applicabili in materia di etica e privacy, quando la cancellazione delle informazioni da parte delle aziende potrebbe rendere impossibile o compromettere seriamente il conseguimento di tali ricerche, se il consumatore ha fornito il proprio consenso informato.<\/li>\n      <li>Esercitare la libert\u00e0 di parola, garantire il diritto di un altro consumatore di esercitare il proprio diritto alla libert\u00e0 di parola o esercitare un altro diritto previsto dalla legge.<\/li>\n      <li>Per consentire esclusivamente usi interni ragionevolmente allineati alle aspettative del consumatore in base al suo rapporto con l'azienda.<\/li>\n      <li>Adempiere a un obbligo di legge.<\/li>\n      <li>Utilizzare altrimenti le informazioni personali del consumatore, internamente, in modo lecito e compatibile con il contesto in cui il consumatore ha fornito le informazioni.<\/li>\n      <\/ol>\n\n      <h4>Diritto di non partecipazione<\/h4>\n      <p>L'utente pu\u00f2 richiedere di non effettuare determinate divulgazioni delle informazioni personali in nostro possesso. Per ulteriori informazioni sulla possibilit\u00e0 di presentare una richiesta di opt-out, consultare la pagina delle preferenze di opt-out.<\/p>\n      <h4>Incentivi finanziari<\/h4><p><h4>Vendita di dati personali a terzi<\/h4>\n  \t\t<p>Non abbiamo venduto i dati personali dei consumatori nei 12 mesi precedenti.<\/p><\/p><p>Negli ultimi 12 mesi non abbiamo divulgato i dati personali dei consumatori per scopi commerciali.<\/p><p><ul><\/ul><\/p><\/details><details class=\"cmplz-dropdown dropdown-privacy-statement\"><summary><div><h3>Colorado<\/h3><\/div><\/summary><h4>Diritto alla portabilit\u00e0 dei dati<\/h4>\n  \t\t\t\t\t  <p>Quando si esercita il diritto di accesso ai dati personali, l'utente ha il diritto di ottenere i dati personali in un formato portatile e, nella misura in cui ci\u00f2 sia tecnicamente possibile, facilmente utilizzabile, che consenta di trasmettere i dati a un'altra entit\u00e0 senza ostacoli. Potete esercitare questo diritto non pi\u00f9 di due volte per anno solare.<\/p>\n  \t\t\t\t\t  <h4>Diritto di non partecipazione<\/h4>\n  \t\t\t\t\t  <p>L'utente pu\u00f2 presentare una richiesta in cui si chiede di non effettuare determinate divulgazioni di informazioni personali che conserviamo su di lui.<\/p>\n              <p>Secondo la legge del Colorado, ci\u00f2 riguarda i seguenti scopi:<\/p>\n              <ol>\n              <li>pubblicit\u00e0 mirata;<\/li>\n              <li>la vendita di dati personali; o<\/li>\n              <li>profilazione a sostegno di decisioni che producono effetti legali o di analoga rilevanza su un consumatore.<\/li>\n              <\/ol>\n              <p>Per ulteriori informazioni sulla possibilit\u00e0 di presentare una richiesta di opt-out, si prega di consultare la pagina delle preferenze di opt-out.<\/p>\n              <\/details><details class=\"cmplz-dropdown dropdown-privacy-statement\"><summary><div><h3>Connecticut<\/h3><\/div><\/summary><h4>Diritto alla portabilit\u00e0 dei dati<\/h4>\n              <p>Quando si esercita il diritto di accesso ai dati personali, l'utente ha il diritto di ottenere i dati personali in un formato portatile e, nella misura in cui ci\u00f2 sia tecnicamente possibile, facilmente utilizzabile, che consenta di trasmettere i dati a un altro soggetto senza ostacoli.<\/p>\n              <p>Non siamo tenuti a rivelare alcun segreto commerciale.<\/p>\n              <h4>Diritto di non partecipazione<\/h4>\n              <p>L'utente pu\u00f2 presentare una richiesta in cui si chiede di non effettuare determinate divulgazioni di informazioni personali che conserviamo su di lui.<\/p>\n              <p>Ai sensi della CTDPA, si tratta delle seguenti finalit\u00e0:<\/p>\n              <ol>\n              <li>pubblicit\u00e0 mirata; o<\/li>\n              <li>la vendita di dati personali; o<\/li>\n              <li>profilazione a sostegno di decisioni che producono effetti legali o di analoga rilevanza su un consumatore.<\/li>\n              <\/ol>\n              <p>Per ulteriori informazioni sulla possibilit\u00e0 di presentare una richiesta di opt-out, si prega di consultare la pagina delle preferenze di opt-out.<\/p>\n\n              <\/details><details class=\"cmplz-dropdown dropdown-privacy-statement\"><summary><div><h3>Nevada<\/h3><\/div><\/summary><h4>Diritto di non partecipazione<\/h4>\n              <p>L'utente pu\u00f2 presentare una richiesta in cui si chiede di non effettuare determinate divulgazioni di informazioni personali che conserviamo su di lui.<\/p>\n              <p>Ai sensi della legge sulla privacy del Nevada, si tratta della vendita di dati personali.<\/p>\n              <p>Per ulteriori informazioni sulla possibilit\u00e0 di presentare una richiesta di opt-out, si prega di consultare la pagina delle preferenze di opt-out.<\/p><\/details><details class=\"cmplz-dropdown dropdown-privacy-statement\"><summary><div><h3>Utah<\/h3><\/div><\/summary><h4>Diritto alla portabilit\u00e0 dei dati<\/h4>\n              <p>Quando esercitate il diritto di accesso ai dati personali, avete il diritto di ottenere i dati personali che ci avete precedentemente fornito in qualit\u00e0 di responsabile del trattamento in un formato portatile e, nella misura in cui ci\u00f2 sia tecnicamente possibile, facilmente utilizzabile, che vi consenta di trasmettere i dati a un'altra entit\u00e0 senza ostacoli.<\/p>\n              <h4>Diritto di non partecipazione<\/h4>\n              <p>L'utente pu\u00f2 presentare una richiesta in cui si chiede di non effettuare determinate divulgazioni di informazioni personali che conserviamo su di lui.<\/p>\n              <p>Ai sensi dell'UCPA, si tratta delle seguenti finalit\u00e0:<\/p>\n              <ol>\n              <li>pubblicit\u00e0 mirata; o<\/li>\n              <li>la vendita di dati personali.<\/li>\n              <\/ol>\n              <p>Per ulteriori informazioni sulla possibilit\u00e0 di presentare una richiesta di opt-out, si prega di consultare la pagina delle preferenze di opt-out.<\/p>\n              <\/details><details class=\"cmplz-dropdown dropdown-privacy-statement\"><summary><div><h3>Virginia<\/h3><\/div><\/summary><h4>Diritto alla portabilit\u00e0 dei dati<\/h4>\n              <p>Quando si esercita il diritto di accesso ai dati personali, l'utente ha il diritto di ottenere i dati personali in un formato portatile e, nella misura in cui ci\u00f2 sia tecnicamente possibile, facilmente utilizzabile, che consenta di trasmettere i dati a un'altra entit\u00e0 senza ostacoli. Potete esercitare questo diritto non pi\u00f9 di due volte per anno solare.<\/p>\n              <h4>Diritto di non partecipazione<\/h4>\n              <p>L'utente pu\u00f2 presentare una richiesta in cui si chiede di non effettuare determinate divulgazioni di informazioni personali che conserviamo su di lui.<\/p>\n              <p>Ai sensi del CDPA, si tratta delle seguenti finalit\u00e0:<\/p>\n              <ol>\n              <li>pubblicit\u00e0 mirata;<\/li>\n              <li>la vendita di dati personali; o<\/li>\n              <li>profilazione a sostegno di decisioni che producono effetti legali o di analoga rilevanza su un consumatore.<\/li>\n              <\/ol>\n              <p>Per ulteriori informazioni sulla possibilit\u00e0 di presentare una richiesta di opt-out, si prega di consultare la pagina delle preferenze di opt-out.<\/p>\n              <\/details><h2>10. I bambini<\/h2><p>Il nostro sito web non \u00e8 progettato per attirare i bambini e non \u00e8 nostra intenzione raccogliere dati personali da bambini al di sotto dell'et\u00e0 del consenso nel loro paese di residenza. Pertanto, chiediamo che i bambini al di sotto dell'et\u00e0 del consenso non ci inviino alcun dato personale.<\/p><h2>11. Dettagli di contatto<\/h2><p>Ingegneria motoristica Andrea Torniero<br \/>\n        Motorsport Engineering - Via Monte Gaggio 7 - 6055 Bellinzona-SVIZZERA<br \/>\n        Svizzera<br \/>\n        Sito web: <a href=\"https:\/\/motorsportengineering.com\/it\">https:\/\/motorsportengineering.com\/it<\/a> <br \/>\n        E-mail: <span class=\"cmplz-obfuscate\">privacy@<span class=\"cmplz-fmail-domain\">ex.com<\/span>&#109;&#111;&#116;ors&#112;or&#116;&#101;n&#103;&#105;n&#101;&#101;r&#105;&#110;g&#046;c&#111;m<\/span> <br \/>\n        <br \/>\n        Numero di telefono: +41 78 659 28 45<\/p><h2>12. Richieste di dati<\/h2><p>Per le richieste pi\u00f9 frequenti, vi offriamo anche la possibilit\u00e0 di utilizzare il nostro modulo di richiesta dati<br \/>\t\t\t<div class=\"cmplz-datarequest cmplz-alert\">\n\t\t\t\t<span class=\"cmplz-close\">\u00d7<\/span>\n\t\t\t\t<span id=\"cmplz-message\"><\/span>\n\t\t\t<\/div>\n\t\t\t<form id=\"cmplz-datarequest-form\" action=\"\">\n\t\t\t\t<input type=\"hidden\" required value=\"us\" name=\"cmplz_datarequest_region\" id=\"cmplz_datarequest_region\" >\n\n\t\t\t\t<label for=\"cmplz_datarequest_firstname\" class=\"cmplz-first-name\">Nome\t\t\t\t\t<input type=\"search\" class=\"datarequest-firstname\" value=\"\" placeholder=\"il vostro nome di battesimo\" id=\"cmplz_datarequest_firstname\" name=\"cmplz_datarequest_firstname\" >\n\t\t\t\t<\/label>\n\t\t\t\t<div>\n\t\t\t\t\t<label for=\"cmplz_datarequest_name\">Nome<\/label>\n\t\t\t\t\t<input type=\"text\" required value=\"\" placeholder=\"Il tuo nome\" id=\"cmplz_datarequest_name\" name=\"cmplz_datarequest_name\">\n\t\t\t\t<\/div>\n\t\t\t\t<div>\n\t\t\t\t\t<label for=\"cmplz_datarequest_email\">Email<\/label>\n\t\t\t\t\t<input type=\"email\" required value=\"\" placeholder=\"email@email.com\" id=\"cmplz_datarequest_email\" name=\"cmplz_datarequest_email\">\n\t\t\t\t<\/div>\n\t\t\t\t\t\t\t\t\t\t<div class=\"cmplz_datarequest cmplz_datarequest_request_for_access\">\n\t\t\t\t\t\t\t<label for=\"cmplz_datarequest_request_for_access\">\n\t\t\t\t\t\t\t\t<input type=\"checkbox\" value=\"1\" name=\"cmplz_datarequest_request_for_access\" id=\"cmplz_datarequest_request_for_access\"\/>\n\t\t\t\t\t\t\t\tInvia una richiesta per accedere ai tuoi dati che trattiamo.\t\t\t\t\t\t\t<\/label>\n\t\t\t\t\t\t<\/div>\n\t\t\t\t\t\t\t\t\t\t<div class=\"cmplz_datarequest cmplz_datarequest_right_to_be_forgotten\">\n\t\t\t\t\t\t\t<label for=\"cmplz_datarequest_right_to_be_forgotten\">\n\t\t\t\t\t\t\t\t<input type=\"checkbox\" value=\"1\" name=\"cmplz_datarequest_right_to_be_forgotten\" id=\"cmplz_datarequest_right_to_be_forgotten\"\/>\n\t\t\t\t\t\t\t\tInvia una richiesta per la cancellazione di dati se non pi\u00f9 rilevanti.\t\t\t\t\t\t\t<\/label>\n\t\t\t\t\t\t<\/div>\n\t\t\t\t\t\t\t\t\t\t<div class=\"cmplz_datarequest cmplz_datarequest_right_to_data_portability\">\n\t\t\t\t\t\t\t<label for=\"cmplz_datarequest_right_to_data_portability\">\n\t\t\t\t\t\t\t\t<input type=\"checkbox\" value=\"1\" name=\"cmplz_datarequest_right_to_data_portability\" id=\"cmplz_datarequest_right_to_data_portability\"\/>\n\t\t\t\t\t\t\t\tInvia una richiesta per ricevere un file da esportazione dei tuoi dati che trattiamo.\t\t\t\t\t\t\t<\/label>\n\t\t\t\t\t\t<\/div>\n\t\t\t\t\t\t\t\t<input type=\"button\" id=\"cmplz-datarequest-submit\"  value=\"Invia\">\n\t\t\t<input type=\"hidden\" name=\"trp-form-language\" value=\"it\"\/><\/form>\n\n\t\t\t<style>\n\t\t\t\t\/* first-name is honeypot *\/\n\t\t\t\t.cmplz-first-name {\n\t\t\t\t\tposition: absolute !important;\n\t\t\t\t\tleft: -5000px !important;\n\t\t\t\t}\n\t\t\t<\/style>\n\t\t\t<\/p><\/div>","protected":false},"excerpt":{"rendered":"","protected":false},"author":1,"featured_media":0,"parent":0,"menu_order":0,"comment_status":"closed","ping_status":"closed","template":"","meta":{"_breakdance_hide_in_design_set":false,"_breakdance_tags":"","footnotes":""},"class_list":["post-20003","page","type-page","status-publish","hentry"],"meta_box":[],"_links":{"self":[{"href":"https:\/\/motorsportengineering.com\/it\/wp-json\/wp\/v2\/pages\/20003","targetHints":{"allow":["GET"]}}],"collection":[{"href":"https:\/\/motorsportengineering.com\/it\/wp-json\/wp\/v2\/pages"}],"about":[{"href":"https:\/\/motorsportengineering.com\/it\/wp-json\/wp\/v2\/types\/page"}],"author":[{"embeddable":true,"href":"https:\/\/motorsportengineering.com\/it\/wp-json\/wp\/v2\/users\/1"}],"replies":[{"embeddable":true,"href":"https:\/\/motorsportengineering.com\/it\/wp-json\/wp\/v2\/comments?post=20003"}],"version-history":[{"count":0,"href":"https:\/\/motorsportengineering.com\/it\/wp-json\/wp\/v2\/pages\/20003\/revisions"}],"wp:attachment":[{"href":"https:\/\/motorsportengineering.com\/it\/wp-json\/wp\/v2\/media?parent=20003"}],"curies":[{"name":"wp","href":"https:\/\/api.w.org\/{rel}","templated":true}]}}