{"id":20001,"date":"2023-10-11T02:31:51","date_gmt":"2023-10-11T00:31:51","guid":{"rendered":"https:\/\/motorsportengineering.com\/privacy-statement-uk\/"},"modified":"2023-10-11T02:31:51","modified_gmt":"2023-10-11T00:31:51","slug":"dichiarazione-sulla-privacy-nel-regno-unito","status":"publish","type":"page","link":"https:\/\/motorsportengineering.com\/it\/dichiarazione-sulla-privacy-nel-regno-unito\/","title":{"rendered":"Dichiarazione sulla privacy (Regno Unito)"},"content":{"rendered":"<!-- Legal document generated by Complianz | GDPR\/CCPA Cookie Consent https:\/\/wordpress.org\/plugins\/complianz-gdpr -->\n<div id=\"cmplz-document\" class=\"cmplz-document privacy-statement cmplz-document-uk\"><p><i>La presente informativa sulla privacy \u00e8 stata aggiornata l'11 ottobre 2023 e si applica ai cittadini e ai residenti permanenti legali del Regno Unito.<\/i><br><br><\/p><p>In questa informativa sulla privacy, spieghiamo cosa facciamo con i dati che otteniamo su di voi tramite <a href=\"https:\/\/motorsportengineering.com\/it\">https:\/\/motorsportengineering.com\/it<\/a>. Vi consigliamo di leggere attentamente la presente informativa. Nel nostro trattamento rispettiamo i requisiti della legislazione sulla privacy. Ci\u00f2 significa, tra l'altro, che:<\/p><ul>\n                <li>dichiariamo chiaramente le finalit\u00e0 per cui trattiamo i dati personali. Ci\u00f2 avviene attraverso la presente dichiarazione sulla privacy;<\/li>\n                <li>ci proponiamo di limitare la raccolta di dati personali ai soli dati personali necessari per scopi legittimi;<\/li>\n                <li>chiediamo prima il vostro consenso esplicito per trattare i vostri dati personali nei casi che richiedono il vostro consenso;<\/li>\n                <li>adottiamo misure di sicurezza adeguate per proteggere i vostri dati personali e lo richiediamo anche alle parti che trattano i dati personali per nostro conto;<\/li>\n                <li>rispettiamo il vostro diritto di accedere ai vostri dati personali o di farli correggere o cancellare, su vostra richiesta.<\/li>\n            <\/ul><p>Se avete domande o volete sapere esattamente quali dati conserviamo su di voi, contattateci.<\/p><h2>1. Scopo, dati e periodo di conservazione<\/h2>Possiamo raccogliere o ricevere informazioni personali per una serie di scopi legati alle nostre operazioni commerciali che possono includere quanto segue: (clicca per espandere)<details class=\"cmplz-dropdown dropdown-privacy-statement\"><summary><div><h3>1.1 Contatto - Tramite telefono, posta, email e\/o moduli web<\/h3><\/div><\/summary><p class=\"cmplz-subtitle\">Per questo scopo utilizziamo i seguenti dati:<\/p><p><ul><li>Un nome e cognome<\/li><li>Un indirizzo e-mail<\/li><li>Un numero di telefono<\/li><li>Indirizzo IP<\/li><li>Dati di nascita<\/li><li>Sesso<\/li><\/ul><\/p><p class=\"cmplz-subtitle\">La base con la quale elaboriamo i dati \u00e8:<\/p><p><a target=\"_blank\" rel=\"noopener noreferrer nofollow\" href=\"https:\/\/cookiedatabase.org\/legal-bases\/#consent\">A disposizione del consenso.<\/a><\/p><p class=\"cmplz-subtitle\">Periodo di conservazione<\/p><p>Conserviamo questi dati fino al termine del servizio.<\/p><\/details><details class=\"cmplz-dropdown dropdown-privacy-statement\"><summary><div><h3>1.2 Registrazione account<\/h3><\/div><\/summary><p class=\"cmplz-subtitle\">Per questo scopo utilizziamo i seguenti dati:<\/p><p><ul><li>Un nome e cognome<\/li><li>Nome account o alias<\/li><li>Un indirizzo e-mail<\/li><li>Dati geolocalizzazione<\/li><\/ul><\/p><p class=\"cmplz-subtitle\">La base con la quale elaboriamo i dati \u00e8:<\/p><p><a target=\"_blank\" rel=\"noopener noreferrer nofollow\" href=\"https:\/\/cookiedatabase.org\/legal-bases\/#consent\">A disposizione del consenso.<\/a><\/p><p class=\"cmplz-subtitle\">Periodo di conservazione<\/p><p>Conserviamo questi dati fino al termine del servizio.<\/p><\/details><details class=\"cmplz-dropdown dropdown-privacy-statement\"><summary><div><h3>1.3 Newsletter<\/h3><\/div><\/summary><p class=\"cmplz-subtitle\">Per questo scopo utilizziamo i seguenti dati:<\/p><p><ul><li>Un nome e cognome<\/li><li>Un indirizzo e-mail<\/li><\/ul><\/p><p class=\"cmplz-subtitle\">La base con la quale elaboriamo i dati \u00e8:<\/p><p><a target=\"_blank\" rel=\"noopener noreferrer nofollow\" href=\"https:\/\/cookiedatabase.org\/legal-bases\/#consent\">A disposizione del consenso.<\/a><\/p><p class=\"cmplz-subtitle\">Periodo di conservazione<\/p><p>Conserviamo questi dati fino al termine del servizio.<\/p><\/details><details class=\"cmplz-dropdown dropdown-privacy-statement\"><summary><div><h3>1.4 Per essere in grado di rispettare gli obblighi legali<\/h3><\/div><\/summary><p class=\"cmplz-subtitle\">Per questo scopo utilizziamo i seguenti dati:<\/p><p><ul><li>Un nome e cognome<\/li><li>Nome account o alias<\/li><li>Un indirizzo e-mail<\/li><li>Un numero di telefono<\/li><li>Indirizzo IP<\/li><li>Dati geolocalizzazione<\/li><li>Dati di nascita<\/li><li>Sesso<\/li><\/ul><\/p><p class=\"cmplz-subtitle\">La base con la quale elaboriamo i dati \u00e8:<\/p><p><a target=\"_blank\" rel=\"noopener noreferrer nofollow\" href=\"https:\/\/cookiedatabase.org\/legal-bases\/#consent\">A disposizione del consenso.<\/a><\/p><p class=\"cmplz-subtitle\">Periodo di conservazione<\/p><p>Conserviamo questi dati fino al termine del servizio.<\/p><\/details><details class=\"cmplz-dropdown dropdown-privacy-statement\"><summary><div><h3>1.5 Compilazione ed analisi di statistiche per migliorare il sito.<\/h3><\/div><\/summary><p class=\"cmplz-subtitle\">Per questo scopo utilizziamo i seguenti dati:<\/p><p><ul><li>Dati geolocalizzazione<\/li><\/ul><\/p><p class=\"cmplz-subtitle\">La base con la quale elaboriamo i dati \u00e8:<\/p><p><a target=\"_blank\" rel=\"noopener noreferrer nofollow\" href=\"https:\/\/cookiedatabase.org\/legal-bases\/#consent\">A disposizione del consenso.<\/a><\/p><p class=\"cmplz-subtitle\">Periodo di conservazione<\/p><p>Conserviamo questi dati fino al termine del servizio.<\/p><\/details><h2>2. Condivisione con altre parti<\/h2><p>Condividiamo o divulghiamo questi dati agli incaricati del trattamento solo per i seguenti scopi:<\/p><h2>3. I biscotti<\/h2><p>Il nostro sito web utilizza i cookie. Per ulteriori informazioni sui cookie, consultare il nostro sito web <a href=\"https:\/\/motorsportengineering.com\/it\/politica-dei-cookie-uk\/\">Informativa sui cookie<\/a>.&nbsp;<\/p><h2>4. Pratiche di divulgazione<\/h2><p><p>Divulghiamo le informazioni personali se ci viene richiesto dalla legge o da un ordine del tribunale, in risposta a un'agenzia di polizia, nella misura consentita da altre disposizioni di legge, per fornire informazioni o per un'indagine su una questione relativa alla sicurezza pubblica.<\/p><p>Se il nostro sito web o la nostra organizzazione viene rilevata, venduta o coinvolta in una fusione o acquisizione, i vostri dati potranno essere comunicati ai nostri consulenti e a eventuali potenziali acquirenti e saranno trasmessi ai nuovi proprietari.<\/p><\/p><p>Abbiamo stipulato un accordo per l'elaborazione dei dati con Google.<\/p><p>L'inclusione di indirizzi IP completi \u00e8 da noi bloccata.<\/p><h2>5. La sicurezza<\/h2><p>Ci impegniamo a garantire la sicurezza dei dati personali. Adottiamo misure di sicurezza adeguate per limitare l'abuso e l'accesso non autorizzato ai dati personali. In questo modo garantiamo che solo le persone necessarie abbiano accesso ai vostri dati, che l'accesso ai dati sia protetto e che le nostre misure di sicurezza siano riviste regolarmente.<\/p><p>Le misure di sicurezza che utilizziamo consistono in:<\/p><p><ul><li>Sicurezza d&#039;Accesso<\/li><li>DKIM, SPF, DMARC e altre impostazioni DNS specifiche<\/li><li>Crittografia (START)TLS \/ SSL \/ DANE<\/li><li>Indurimento Sito\/Funzioni di Sicurezza<\/li><li>Misure di sicurezza dell&#039;hardware che contiene o elabora dati personali.<\/li><li>Certificazione ISO27001\/27002<\/li><li>HTTP Strict Transport Security e relative intestazioni di sicurezza e politiche del browser<\/li><\/ul><\/p><h2>6. Siti web di terzi<\/h2><p>La presente informativa sulla privacy non si applica ai siti web di terzi collegati tramite link al nostro sito. Non possiamo garantire che queste terze parti trattino i vostri dati personali in modo affidabile o sicuro. Vi consigliamo di leggere le dichiarazioni sulla privacy di questi siti web prima di utilizzarli.<\/p><h2>7. Modifiche alla presente informativa sulla privacy<\/h2><p>Ci riserviamo il diritto di apportare modifiche alla presente informativa sulla privacy. Si consiglia di consultare regolarmente la presente informativa sulla privacy per essere al corrente di eventuali modifiche. Inoltre, vi informeremo attivamente ogni volta che sar\u00e0 possibile.<\/p><h2>8. Accesso e modifica dei dati<\/h2><p>Se avete domande o volete sapere quali dati personali vi riguardano, contattateci. Potete contattarci utilizzando le informazioni riportate di seguito. Avete i seguenti diritti:<\/p><ul>\n                <li>Avete il diritto di sapere perch\u00e9 i vostri dati personali sono necessari, che fine faranno e per quanto tempo saranno conservati.<\/li>\n                <li>Diritto di accesso: L'utente ha il diritto di accedere ai propri dati personali di cui \u00e8 a conoscenza.<\/li>\n                <li>Diritto di rettifica: avete il diritto di integrare, rettificare, far cancellare o bloccare i vostri dati personali ogni volta che lo desiderate.<\/li>\n                <li>Se ci avete dato il consenso al trattamento dei vostri dati, avete il diritto di revocare tale consenso e di far cancellare i vostri dati personali.<\/li>\n                <li>Diritto di trasferimento dei dati: l'utente ha il diritto di richiedere tutti i suoi dati personali al responsabile del trattamento e di trasferirli integralmente a un altro responsabile del trattamento.<\/li>\n                <li>Diritto di opposizione: potete opporvi al trattamento dei vostri dati. Noi lo rispettiamo, a meno che non vi siano motivi giustificati per il trattamento.<\/li>\n            <\/ul><p>Assicuratevi di indicare sempre chiaramente chi siete, in modo da essere certi di non modificare o cancellare i dati della persona sbagliata.<\/p><h2>9. Presentazione di un reclamo<\/h2><p>Se non siete soddisfatti del modo in cui gestiamo (un reclamo) il trattamento dei vostri dati personali, avete il diritto di presentare un reclamo all'Information Commissioner's Office:<\/p><p><br>Casa Wycliffe<br>\n                        Corsia d'acqua<br>\n                        Wilmslow<br>\n                        Cheshire<br>\n                        SK9 5AF<\/p><p><br>Ufficio del Commissario per l'Informazione di Jersey<br>\n                        2\u00b0 piano 5 Castle Street<br>\n                        St. Helier<br>\n                        Maglia<br>\n                        JE2 3BT<\/p><p><br>Casa di San Martino<br>\n                        Le Bordage<br>\n                        Porto San Pietro<br>\n                        Guernsey<br>\n                        GY1 1BR<\/p><h2>10. I bambini<\/h2><p>Il nostro sito web non \u00e8 progettato per attirare i bambini e non \u00e8 nostra intenzione raccogliere dati personali da bambini al di sotto dell'et\u00e0 del consenso nel loro paese di residenza. Pertanto, chiediamo che i bambini al di sotto dell'et\u00e0 del consenso non ci inviino alcun dato personale.<\/p><h2>11. Dettagli di contatto<\/h2><p>Ingegneria motoristica Andrea Torniero<br>\n        Motorsport Engineering - Via Monte Gaggio 7 - 6055 Bellinzona-SVIZZERA<br>\n        Svizzera<br>\n        Sito web: <a href=\"https:\/\/motorsportengineering.com\/it\">https:\/\/motorsportengineering.com\/it<\/a> <br>\n        E-mail: <span class=\"cmplz-obfuscate\">privacy@<span class=\"cmplz-fmail-domain\">ex.com<\/span>m&#111;&#116;&#111;rs&#112;&#111;&#114;t&#101;&#110;g&#105;n&#101;&#101;rin&#103;&#046;com<\/span> <br>\n        Numero di telefono: +41 78 659 28 45<\/p><h2>12. Richieste di dati<\/h2><p>Per le richieste pi\u00f9 frequenti, vi offriamo anche la possibilit\u00e0 di utilizzare il nostro modulo di richiesta dati<br>\t\t\t<div class=\"cmplz-datarequest cmplz-alert\">\n\t\t\t\t<span class=\"cmplz-close\">\u00d7<\/span>\n\t\t\t\t<span id=\"cmplz-message\"><\/span>\n\t\t\t<\/div>\n\t\t\t<form id=\"cmplz-datarequest-form\" action=\"\">\n\t\t\t\t<input type=\"hidden\" required value=\"uk\" name=\"cmplz_datarequest_region\" id=\"cmplz_datarequest_region\" >\n\n\t\t\t\t<label for=\"cmplz_datarequest_firstname\" class=\"cmplz-first-name\">Nome\t\t\t\t\t<input type=\"search\" class=\"datarequest-firstname\" value=\"\" placeholder=\"il vostro nome di battesimo\" id=\"cmplz_datarequest_firstname\" name=\"cmplz_datarequest_firstname\" >\n\t\t\t\t<\/label>\n\t\t\t\t<div>\n\t\t\t\t\t<label for=\"cmplz_datarequest_name\">Nome<\/label>\n\t\t\t\t\t<input type=\"text\" required value=\"\" placeholder=\"Il tuo nome\" id=\"cmplz_datarequest_name\" name=\"cmplz_datarequest_name\">\n\t\t\t\t<\/div>\n\t\t\t\t<div>\n\t\t\t\t\t<label for=\"cmplz_datarequest_email\">Email<\/label>\n\t\t\t\t\t<input type=\"email\" required value=\"\" placeholder=\"email@email.com\" id=\"cmplz_datarequest_email\" name=\"cmplz_datarequest_email\">\n\t\t\t\t<\/div>\n\t\t\t\t\t\t\t\t\t\t<div class=\"cmplz_datarequest cmplz_datarequest_request_for_access\">\n\t\t\t\t\t\t\t<label for=\"cmplz_datarequest_request_for_access\">\n\t\t\t\t\t\t\t\t<input type=\"checkbox\" value=\"1\" name=\"cmplz_datarequest_request_for_access\" id=\"cmplz_datarequest_request_for_access\"\/>\n\t\t\t\t\t\t\t\tInvia una richiesta per accedere ai tuoi dati che trattiamo.\t\t\t\t\t\t\t<\/label>\n\t\t\t\t\t\t<\/div>\n\t\t\t\t\t\t\t\t\t\t<div class=\"cmplz_datarequest cmplz_datarequest_right_to_be_forgotten\">\n\t\t\t\t\t\t\t<label for=\"cmplz_datarequest_right_to_be_forgotten\">\n\t\t\t\t\t\t\t\t<input type=\"checkbox\" value=\"1\" name=\"cmplz_datarequest_right_to_be_forgotten\" id=\"cmplz_datarequest_right_to_be_forgotten\"\/>\n\t\t\t\t\t\t\t\tInvia una richiesta per la cancellazione di dati se non pi\u00f9 rilevanti.\t\t\t\t\t\t\t<\/label>\n\t\t\t\t\t\t<\/div>\n\t\t\t\t\t\t\t\t\t\t<div class=\"cmplz_datarequest cmplz_datarequest_right_to_data_portability\">\n\t\t\t\t\t\t\t<label for=\"cmplz_datarequest_right_to_data_portability\">\n\t\t\t\t\t\t\t\t<input type=\"checkbox\" value=\"1\" name=\"cmplz_datarequest_right_to_data_portability\" id=\"cmplz_datarequest_right_to_data_portability\"\/>\n\t\t\t\t\t\t\t\tInvia una richiesta per ricevere un file da esportazione dei tuoi dati che trattiamo.\t\t\t\t\t\t\t<\/label>\n\t\t\t\t\t\t<\/div>\n\t\t\t\t\t\t\t\t<input type=\"button\" id=\"cmplz-datarequest-submit\"  value=\"Invia\">\n\t\t\t<input type=\"hidden\" name=\"trp-form-language\" value=\"it\"\/><\/form>\n\n\t\t\t<style>\n\t\t\t\t\/* first-name is honeypot *\/\n\t\t\t\t.cmplz-first-name {\n\t\t\t\t\tposition: absolute !important;\n\t\t\t\t\tleft: -5000px !important;\n\t\t\t\t}\n\t\t\t<\/style>\n\t\t\t<\/p><\/div>","protected":false},"excerpt":{"rendered":"","protected":false},"author":1,"featured_media":0,"parent":0,"menu_order":0,"comment_status":"closed","ping_status":"closed","template":"","meta":{"_breakdance_hide_in_design_set":false,"_breakdance_tags":"","footnotes":""},"class_list":["post-20001","page","type-page","status-publish","hentry"],"meta_box":[],"_links":{"self":[{"href":"https:\/\/motorsportengineering.com\/it\/wp-json\/wp\/v2\/pages\/20001","targetHints":{"allow":["GET"]}}],"collection":[{"href":"https:\/\/motorsportengineering.com\/it\/wp-json\/wp\/v2\/pages"}],"about":[{"href":"https:\/\/motorsportengineering.com\/it\/wp-json\/wp\/v2\/types\/page"}],"author":[{"embeddable":true,"href":"https:\/\/motorsportengineering.com\/it\/wp-json\/wp\/v2\/users\/1"}],"replies":[{"embeddable":true,"href":"https:\/\/motorsportengineering.com\/it\/wp-json\/wp\/v2\/comments?post=20001"}],"version-history":[{"count":0,"href":"https:\/\/motorsportengineering.com\/it\/wp-json\/wp\/v2\/pages\/20001\/revisions"}],"wp:attachment":[{"href":"https:\/\/motorsportengineering.com\/it\/wp-json\/wp\/v2\/media?parent=20001"}],"curies":[{"name":"wp","href":"https:\/\/api.w.org\/{rel}","templated":true}]}}