{"id":20007,"date":"2023-10-11T02:32:01","date_gmt":"2023-10-11T00:32:01","guid":{"rendered":"https:\/\/motorsportengineering.com\/privacy-statement-au\/"},"modified":"2023-10-11T02:32:01","modified_gmt":"2023-10-11T00:32:01","slug":"datenschutzerklarung-au","status":"publish","type":"page","link":"https:\/\/motorsportengineering.com\/de\/datenschutzerklarung-au\/","title":{"rendered":"Erkl\u00e4rung zum Datenschutz (AU)"},"content":{"rendered":"<!-- Legal document generated by Complianz | GDPR\/CCPA Cookie Consent https:\/\/wordpress.org\/plugins\/complianz-gdpr -->\n<div id=\"cmplz-document\" class=\"cmplz-document privacy-statement cmplz-document-au\"><p><i>Diese Datenschutzerkl\u00e4rung wurde zuletzt am 11. Oktober 2023 ge\u00e4ndert, zuletzt am 11. Oktober 2023 \u00fcberpr\u00fcft und gilt f\u00fcr B\u00fcrger Australiens.<\/i><br \/><br \/><\/p><p>In dieser Datenschutzerkl\u00e4rung erkl\u00e4ren wir, was wir mit den Daten machen, die wir \u00fcber Sie erhalten <a href=\"https:\/\/motorsportengineering.com\/de\">https:\/\/motorsportengineering.com\/de<\/a>. Wir empfehlen Ihnen, diese Erkl\u00e4rung sorgf\u00e4ltig zu lesen. Bei unserer Verarbeitung halten wir uns an die Anforderungen der Datenschutzgesetze. Das bedeutet unter anderem, dass:<ul>\n                <li>wir geben klar an, zu welchen Zwecken wir personenbezogene Daten verarbeiten. Dies tun wir mit dieser Datenschutzerkl\u00e4rung;<\/li>\n                <li>Wir sind bestrebt, die Erhebung personenbezogener Daten auf die f\u00fcr rechtm\u00e4\u00dfige Zwecke erforderlichen personenbezogenen Daten zu beschr\u00e4nken;<\/li>\n                <li>In F\u00e4llen, in denen Ihre Zustimmung erforderlich ist, holen wir zun\u00e4chst Ihre ausdr\u00fcckliche Zustimmung zur Verarbeitung Ihrer personenbezogenen Daten ein;<\/li>\n                <li>Wir ergreifen angemessene Sicherheitsma\u00dfnahmen zum Schutz Ihrer personenbezogenen Daten und verlangen dies auch von Parteien, die personenbezogene Daten in unserem Auftrag verarbeiten;<\/li>\n                <li>wir respektieren Ihr Recht, auf Ihre personenbezogenen Daten zuzugreifen, sie zu korrigieren oder zu l\u00f6schen, wenn Sie dies w\u00fcnschen.<\/li>\n            <\/ul><\/p>Wenn Sie Fragen haben oder genau wissen m\u00f6chten, welche Daten wir \u00fcber Sie speichern, nehmen Sie bitte Kontakt mit uns auf.<h2>1. Zweck und Kategorien der Daten<\/h2><p>Wir k\u00f6nnen personenbezogene Daten f\u00fcr eine Reihe von Zwecken im Zusammenhang mit unseren Gesch\u00e4ftsaktivit\u00e4ten erheben oder erhalten, darunter unter anderem die folgenden: (zum Erweitern bitte anklicken)<\/b><\/p><details class=\"cmplz-dropdown dropdown-privacy-statement\"><summary><div><h3>1.1 Kontakt \u2013 Per Telefon, Post, E-Mail und\/oder Webformularen<\/h3><\/div><\/summary><p class=\"cmplz-subtitle\">Die folgenden Datenkategorien werden erfasst<\/p><p><ul><li>Vor- und Nachname<\/li><li>Eine E-Mail-Adresse<\/li><li>Eine Telefonnummer<\/li><li>IP-Adresse<\/li><li>Geburtsdatum<\/li><li>Geschlecht<\/li><\/ul><\/p><p class=\"cmplz-subtitle\">Aufbewahrungsfrist<\/p><p>Wir speichern diese Daten bis zur Beendigung des Dienstes.<\/p><\/details><details class=\"cmplz-dropdown dropdown-privacy-statement\"><summary><div><h3>1.2 Registrierung eines Kontos<\/h3><\/div><\/summary><p class=\"cmplz-subtitle\">Die folgenden Datenkategorien werden erfasst<\/p><p><ul><li>Vor- und Nachname<\/li><li>Kontoname oder Alias<\/li><li>Eine E-Mail-Adresse<\/li><li>Geolokalisierungsdaten<\/li><\/ul><\/p><p class=\"cmplz-subtitle\">Aufbewahrungsfrist<\/p><p>Wir speichern diese Daten bis zur Beendigung des Dienstes.<\/p><\/details><details class=\"cmplz-dropdown dropdown-privacy-statement\"><summary><div><h3>1.3 Newsletter<\/h3><\/div><\/summary><p class=\"cmplz-subtitle\">Die folgenden Datenkategorien werden erfasst<\/p><p><ul><li>Vor- und Nachname<\/li><li>Eine E-Mail-Adresse<\/li><\/ul><\/p><p class=\"cmplz-subtitle\">Aufbewahrungsfrist<\/p><p>Wir speichern diese Daten bis zur Beendigung des Dienstes.<\/p><\/details><details class=\"cmplz-dropdown dropdown-privacy-statement\"><summary><div><h3>1.4 Um gesetzlichen Verpflichtungen nachkommen zu k\u00f6nnen<\/h3><\/div><\/summary><p class=\"cmplz-subtitle\">Die Einziehung ist aufgrund des folgenden Gesetzes oder der folgenden gerichtlichen Anordnung erforderlich oder zul\u00e4ssig:<\/p><p class=\"legal-obligations-description\">Bellinzona<\/p><p class=\"cmplz-subtitle\">Die folgenden Datenkategorien werden erfasst<\/p><p><ul><li>Vor- und Nachname<\/li><li>Kontoname oder Alias<\/li><li>Eine E-Mail-Adresse<\/li><li>Eine Telefonnummer<\/li><li>IP-Adresse<\/li><li>Geolokalisierungsdaten<\/li><li>Geburtsdatum<\/li><li>Geschlecht<\/li><\/ul><\/p><p class=\"cmplz-subtitle\">Aufbewahrungsfrist<\/p><p>Wir speichern diese Daten bis zur Beendigung des Dienstes.<\/p><\/details><details class=\"cmplz-dropdown dropdown-privacy-statement\"><summary><div><h3>1.5 Erstellen und Analysieren von Statistiken zur Verbesserung der Website.<\/h3><\/div><\/summary><p class=\"cmplz-subtitle\">Die folgenden Datenkategorien werden erfasst<\/p><p><ul><li>Geolokalisierungsdaten<\/li><\/ul><\/p><p class=\"cmplz-subtitle\">Aufbewahrungsfrist<\/p><p>Wir speichern diese Daten bis zur Beendigung des Dienstes.<\/p><\/details><h2>2. Gemeinsame Nutzung mit anderen Parteien<\/h2><p>Wir geben diese Daten nur zu den folgenden Zwecken an andere Empf\u00e4nger weiter:<\/p><h2>3. Praktiken der Offenlegung<\/h2><p><p>Wir legen personenbezogene Daten offen, wenn wir gesetzlich oder per Gerichtsbeschluss dazu verpflichtet sind, als Reaktion auf eine Strafverfolgungsbeh\u00f6rde, soweit dies nach anderen gesetzlichen Bestimmungen zul\u00e4ssig ist, Informationen zur Verf\u00fcgung zu stellen, oder f\u00fcr eine Untersuchung in einer Angelegenheit, die die \u00f6ffentliche Sicherheit betrifft.<\/p><p>Wenn unsere Website oder Organisation \u00fcbernommen, verkauft oder in eine Fusion oder \u00dcbernahme verwickelt wird, k\u00f6nnen Ihre Daten unseren Beratern und potenziellen K\u00e4ufern offengelegt und an die neuen Eigent\u00fcmer weitergegeben werden.<\/p><\/p><h2>4. Was passiert, wenn Sie uns Ihre pers\u00f6nlichen Daten nicht zur Verf\u00fcgung stellen?<\/h2><p>Wenn Sie uns Ihre pers\u00f6nlichen Daten nicht zur Verf\u00fcgung stellen, sind wir m\u00f6glicherweise nicht in der Lage, Ihnen die gew\u00fcnschten Informationen, Produkte oder Hilfestellungen zu geben.<\/p><h2>4. Wie wir auf Do Not Track-Signale und Global Privacy Control reagieren <\/h2><p>Unsere Website reagiert auf das Do Not Track (DNT) Header-Anfragefeld und unterst\u00fctzt dieses. Wenn Sie DNT in Ihrem Browser aktivieren, werden diese Einstellungen im HTTP-Anfrage-Header an uns \u00fcbermittelt, und wir werden Ihr Surfverhalten nicht verfolgen.<\/p><h2>6. Cookies<\/h2><p>Unsere Website verwendet Cookies. Weitere Informationen \u00fcber Cookies finden Sie in unserer Cookie-Richtlinie auf unserer <a href=\"https:\/\/motorsportengineering.com\/de\/cookie-policy-au\/\">Cookie-Richtlinie (AU)<\/a> Webpage.&nbsp;<\/p><p>Wir haben einen Datenverarbeitungsvertrag mit Google abgeschlossen.<\/p><p>Die Angabe der vollst\u00e4ndigen IP-Adressen wird von uns blockiert.<\/p><h2>7. Sicherheit<\/h2><p>Wir verpflichten uns zur Sicherheit der personenbezogenen Daten. Wir ergreifen geeignete Sicherheitsma\u00dfnahmen, um den Missbrauch von und den unbefugten Zugriff auf personenbezogene Daten zu begrenzen. Dadurch wird sichergestellt, dass nur die erforderlichen Personen Zugang zu Ihren Daten haben, dass der Zugang zu den Daten gesch\u00fctzt ist und dass unsere Sicherheitsma\u00dfnahmen regelm\u00e4\u00dfig \u00fcberpr\u00fcft werden.<\/p><p>Die von uns verwendeten Sicherheitsma\u00dfnahmen bestehen aus:<\/p><p><ul><li>Anmeldesicherheit<\/li><li>DKIM, SPF, DMARC und andere spezifische DNS-Einstellungen<\/li><li>(START)TLS-\/SSL-\/DANE-Verschl\u00fcsselung<\/li><li>Website-H\u00e4rtung\/Sicherheitsfunktionen<\/li><li>Sicherheitsma\u00dfnahmen f\u00fcr Hardware, die personenbezogene Daten enth\u00e4lt oder verarbeitet.<\/li><li>ISO 27001\/27002-Zertifizierung<\/li><li>HTTP Strict Transport Security und zugeh\u00f6rige Sicherheitsheader und Browserrichtlinien<\/li><\/ul><\/p><h2>8. Websites von Dritten<\/h2><p>Diese Datenschutzerkl\u00e4rung gilt nicht f\u00fcr Websites Dritter, die \u00fcber Links mit unserer Website verbunden sind. Wir k\u00f6nnen nicht garantieren, dass diese Dritten Ihre pers\u00f6nlichen Daten zuverl\u00e4ssig und sicher behandeln. Wir empfehlen Ihnen, die Datenschutzerkl\u00e4rungen dieser Websites zu lesen, bevor Sie diese Websites nutzen.<\/p><h2>9. \u00c4nderungen an dieser Datenschutzerkl\u00e4rung<\/h2><p>Wir behalten uns das Recht vor, \u00c4nderungen an dieser Datenschutzerkl\u00e4rung vorzunehmen. Wir empfehlen Ihnen, diese Datenschutzerkl\u00e4rung regelm\u00e4\u00dfig zu konsultieren, um sich \u00fcber etwaige \u00c4nderungen zu informieren. Dar\u00fcber hinaus werden wir Sie, wo immer m\u00f6glich, aktiv informieren.<\/p><h2>10. Zugang zu Ihren Daten und deren \u00c4nderung<\/h2><p>Wenn Sie Fragen haben oder wissen m\u00f6chten, welche pers\u00f6nlichen Daten wir \u00fcber Sie gespeichert haben, wenden Sie sich bitte an uns. Bitte geben Sie immer deutlich an, wer Sie sind, damit wir sicher sein k\u00f6nnen, dass wir keine Daten der falschen Person \u00e4ndern oder l\u00f6schen. Wir stellen die angeforderten Informationen erst dann zur Verf\u00fcgung, wenn wir eine \u00fcberpr\u00fcfbare Anfrage eines Verbrauchers erhalten haben. Sie k\u00f6nnen sich mit uns in Verbindung setzen, indem Sie die unten stehenden Informationen verwenden. Sie haben die folgenden Rechte:<\/p><p class=\"cmplz-subtitle\">10.1 Sie haben folgende Rechte in Bezug auf Ihre personenbezogenen Daten<\/p><ol class=\"alphabetic\">\n                        <li>Sie k\u00f6nnen einen Antrag auf Zugang zu den Daten stellen, die wir \u00fcber Sie verarbeiten.<\/li>\n                        <li>k\u00f6nnen Sie eine \u00dcbersicht \u00fcber die von uns verarbeiteten Daten in einem g\u00e4ngigen Format anfordern;<\/li>\n                        <li>Sie k\u00f6nnen die Berichtigung oder L\u00f6schung der Daten beantragen, wenn diese unrichtig oder nicht oder nicht mehr f\u00fcr einen Zweck gem\u00e4\u00df dem Datenschutzgesetz relevant sind.<\/li>\n                      <\/ol>\n                      <h2>11. Kinder<\/h2><p>Unsere Website ist nicht darauf ausgerichtet, Kinder anzusprechen, und es ist nicht unsere Absicht, personenbezogene Daten von Kindern zu sammeln, die in dem Land, in dem sie wohnen, noch nicht vollj\u00e4hrig sind. Wir bitten daher darum, dass Kinder, die noch nicht vollj\u00e4hrig sind, keine personenbezogenen Daten an uns \u00fcbermitteln.<\/p><h2>12. Kontaktangaben<\/h2><p>Motorsport-Technik Andrea Torniero<br \/>\n        Motorsport Engineering - Via Monte Gaggio 7 - 6055 Bellinzona-SchWEIZ<br \/>\n        Schweiz<br \/>\n        Website: <a href=\"https:\/\/motorsportengineering.com\/de\">https:\/\/motorsportengineering.com\/de<\/a> <br \/>\n        E-Mail: <span class=\"cmplz-obfuscate\">Privatsph\u00e4re@<span class=\"cmplz-fmail-domain\">ex.com<\/span>mo&#116;&#111;&#114;spor&#116;eng&#105;n&#101;e&#114;ing.com<\/span> <br \/>\n        <br \/>\n        Telefonnummer: +41 78 659 28 45<\/p><h2>13. Datenanfragen<\/h2><p>F\u00fcr die am h\u00e4ufigsten gestellten Anfragen bieten wir Ihnen auch die M\u00f6glichkeit, unser Datenanfrageformular zu nutzen<br \/>\t\t\t<div class=\"cmplz-datarequest cmplz-alert\">\n\t\t\t\t<span class=\"cmplz-close\">\u00d7<\/span>\n\t\t\t\t<span id=\"cmplz-message\"><\/span>\n\t\t\t<\/div>\n\t\t\t<form id=\"cmplz-datarequest-form\" action=\"\">\n\t\t\t\t<input type=\"hidden\" required value=\"au\" name=\"cmplz_datarequest_region\" id=\"cmplz_datarequest_region\" >\n\n\t\t\t\t<label for=\"cmplz_datarequest_firstname\" class=\"cmplz-first-name\">Name\t\t\t\t\t<input type=\"search\" class=\"datarequest-firstname\" value=\"\" placeholder=\"Ihr Vorname\" id=\"cmplz_datarequest_firstname\" name=\"cmplz_datarequest_firstname\" >\n\t\t\t\t<\/label>\n\t\t\t\t<div>\n\t\t\t\t\t<label for=\"cmplz_datarequest_name\">Name<\/label>\n\t\t\t\t\t<input type=\"text\" required value=\"\" placeholder=\"Ihr Name\" id=\"cmplz_datarequest_name\" name=\"cmplz_datarequest_name\">\n\t\t\t\t<\/div>\n\t\t\t\t<div>\n\t\t\t\t\t<label for=\"cmplz_datarequest_email\">E-Mail-Adresse<\/label>\n\t\t\t\t\t<input type=\"email\" required value=\"\" placeholder=\"email@email.com\" id=\"cmplz_datarequest_email\" name=\"cmplz_datarequest_email\">\n\t\t\t\t<\/div>\n\t\t\t\t\t\t\t\t\t\t<div class=\"cmplz_datarequest cmplz_datarequest_request_for_access\">\n\t\t\t\t\t\t\t<label for=\"cmplz_datarequest_request_for_access\">\n\t\t\t\t\t\t\t\t<input type=\"checkbox\" value=\"1\" name=\"cmplz_datarequest_request_for_access\" id=\"cmplz_datarequest_request_for_access\"\/>\n\t\t\t\t\t\t\t\tReichen Sie einen Antrag auf Zugang zu den Daten ein, die wir \u00fcber Sie verarbeiten.\t\t\t\t\t\t\t<\/label>\n\t\t\t\t\t\t<\/div>\n\t\t\t\t\t\t\t\t\t\t<div class=\"cmplz_datarequest cmplz_datarequest_right_to_be_forgotten\">\n\t\t\t\t\t\t\t<label for=\"cmplz_datarequest_right_to_be_forgotten\">\n\t\t\t\t\t\t\t\t<input type=\"checkbox\" value=\"1\" name=\"cmplz_datarequest_right_to_be_forgotten\" id=\"cmplz_datarequest_right_to_be_forgotten\"\/>\n\t\t\t\t\t\t\t\tReichen Sie einen Antrag auf L\u00f6schung der Daten ein, wenn diese nicht mehr relevant sind.\t\t\t\t\t\t\t<\/label>\n\t\t\t\t\t\t<\/div>\n\t\t\t\t\t\t\t\t\t\t<div class=\"cmplz_datarequest cmplz_datarequest_right_to_data_portability\">\n\t\t\t\t\t\t\t<label for=\"cmplz_datarequest_right_to_data_portability\">\n\t\t\t\t\t\t\t\t<input type=\"checkbox\" value=\"1\" name=\"cmplz_datarequest_right_to_data_portability\" id=\"cmplz_datarequest_right_to_data_portability\"\/>\n\t\t\t\t\t\t\t\tReichen Sie eine Anfrage ein, um eine Exportdatei der Daten zu erhalten, die wir \u00fcber Sie verarbeiten.\t\t\t\t\t\t\t<\/label>\n\t\t\t\t\t\t<\/div>\n\t\t\t\t\t\t\t\t<input type=\"button\" id=\"cmplz-datarequest-submit\"  value=\"Senden\">\n\t\t\t<input type=\"hidden\" name=\"trp-form-language\" value=\"de\"\/><\/form>\n\n\t\t\t<style>\n\t\t\t\t\/* first-name is honeypot *\/\n\t\t\t\t.cmplz-first-name {\n\t\t\t\t\tposition: absolute !important;\n\t\t\t\t\tleft: -5000px !important;\n\t\t\t\t}\n\t\t\t<\/style>\n\t\t\t<\/p><p>Wir haben eine Kontaktperson f\u00fcr die Richtlinien und Praktiken der Organisation benannt, an die Beschwerden oder Anfragen weitergeleitet werden k\u00f6nnen:<br \/>Andrea Torniero<br \/>Motorsport Engineering - Via Monte Gaggio 7 - 6055 Bellinzona-SchWEIZ-<\/p><\/div>","protected":false},"excerpt":{"rendered":"","protected":false},"author":1,"featured_media":0,"parent":0,"menu_order":0,"comment_status":"closed","ping_status":"closed","template":"","meta":{"_breakdance_hide_in_design_set":false,"_breakdance_tags":"","footnotes":""},"class_list":["post-20007","page","type-page","status-publish","hentry"],"meta_box":[],"_links":{"self":[{"href":"https:\/\/motorsportengineering.com\/de\/wp-json\/wp\/v2\/pages\/20007","targetHints":{"allow":["GET"]}}],"collection":[{"href":"https:\/\/motorsportengineering.com\/de\/wp-json\/wp\/v2\/pages"}],"about":[{"href":"https:\/\/motorsportengineering.com\/de\/wp-json\/wp\/v2\/types\/page"}],"author":[{"embeddable":true,"href":"https:\/\/motorsportengineering.com\/de\/wp-json\/wp\/v2\/users\/1"}],"replies":[{"embeddable":true,"href":"https:\/\/motorsportengineering.com\/de\/wp-json\/wp\/v2\/comments?post=20007"}],"version-history":[{"count":0,"href":"https:\/\/motorsportengineering.com\/de\/wp-json\/wp\/v2\/pages\/20007\/revisions"}],"wp:attachment":[{"href":"https:\/\/motorsportengineering.com\/de\/wp-json\/wp\/v2\/media?parent=20007"}],"curies":[{"name":"wp","href":"https:\/\/api.w.org\/{rel}","templated":true}]}}