{"id":17284,"date":"2023-10-09T15:53:37","date_gmt":"2023-10-09T13:53:37","guid":{"rendered":"https:\/\/motorsportengineering.com\/disclaimer\/"},"modified":"2023-10-11T02:32:12","modified_gmt":"2023-10-11T00:32:12","slug":"haftungsausschluss","status":"publish","type":"page","link":"https:\/\/motorsportengineering.com\/de\/haftungsausschluss\/","title":{"rendered":"Haftungsausschluss"},"content":{"rendered":"<!-- Legal document generated by Complianz | GDPR\/CCPA Cookie Consent https:\/\/wordpress.org\/plugins\/complianz-gdpr -->\n<div id=\"cmplz-document\" class=\"cmplz-document disclaimer cmplz-document-all\"><p>Motorsport Engineering Andrea Torniero ist bestrebt, diese Website aktuell und korrekt zu halten. Sollten Sie dennoch auf fehlerhafte oder veraltete Informationen sto\u00dfen, w\u00fcrden wir uns freuen, wenn Sie uns dies mitteilen w\u00fcrden. Bitte geben Sie an, wo auf der Website Sie die Informationen gelesen haben. Wir werden uns dann so schnell wie m\u00f6glich darum k\u00fcmmern. Bitte senden Sie Ihre Antwort per E-Mail an: <span class=\"cmplz-obfuscate\">Privatsph\u00e4re@<span class=\"cmplz-fmail-domain\">ex.com<\/span>&#109;o&#116;or&#115;&#112;or&#116;en&#103;i&#110;&#101;&#101;&#114;ing.&#099;om<\/span>.<\/p><p>Wir haften weder f\u00fcr Verluste aufgrund von Ungenauigkeiten oder Unvollst\u00e4ndigkeiten noch f\u00fcr Verluste, die durch Probleme verursacht werden, die durch die Verbreitung von Informationen \u00fcber das Internet entstehen oder damit verbunden sind, wie z. B. St\u00f6rungen oder Unterbrechungen. Bei der Verwendung von Webformularen bem\u00fchen wir uns, die Anzahl der Pflichtfelder auf ein Minimum zu beschr\u00e4nken. Motorsport Engineering Andrea Torniero \u00fcbernimmt keine Haftung f\u00fcr Sch\u00e4den, die durch die Nutzung von Daten, Ratschl\u00e4gen oder Ideen entstehen, die von oder im Namen von Motorsport Engineering Andrea Torniero \u00fcber diese Website bereitgestellt werden.<\/p><p>Antworten und Datenschutzanfragen, die per E-Mail oder \u00fcber ein Webformular eingereicht werden, werden genauso behandelt wie Briefe. Das bedeutet, dass Sie sp\u00e4testens innerhalb eines Monats eine Antwort von uns erwarten k\u00f6nnen. Bei komplexen Anfragen teilen wir Ihnen innerhalb eines Monats mit, ob wir maximal drei Monate ben\u00f6tigen.<\/p><p>Alle personenbezogenen Daten, die Sie uns im Rahmen Ihrer Antwort oder Ihrer Informationsanfrage \u00fcbermitteln, werden ausschlie\u00dflich gem\u00e4\u00df unserer Datenschutzerkl\u00e4rung verwendet.<\/p><p>Motorsport Engineering Andrea Torniero \u00fcbernimmt keine Verantwortung f\u00fcr den Inhalt von Websites, auf die oder von denen ein Hyperlink oder ein anderer Verweis besteht. Produkte oder Dienstleistungen, die von Dritten angeboten werden, unterliegen den geltenden Gesch\u00e4ftsbedingungen dieser Dritten.<\/p><p>Alle geistigen Eigentumsrechte an den Inhalten dieser Website liegen bei Motorsport Engineering Andrea Torniero.<\/p><p>Das Kopieren, Verbreiten und jede andere Verwendung dieser Materialien ist ohne die schriftliche Genehmigung von Motorsport Engineering Andrea Torniero nicht gestattet, au\u00dfer und nur insoweit, als dies in zwingenden gesetzlichen Bestimmungen (wie dem Zitatrecht) anders geregelt ist, sofern nicht bestimmte Inhalte etwas anderes vorschreiben.<\/p><p>Wenn Sie Fragen oder Probleme mit der Barrierefreiheit der Website haben, z\u00f6gern Sie bitte nicht, uns zu kontaktieren.<\/p><\/div>","protected":false},"excerpt":{"rendered":"","protected":false},"author":1,"featured_media":0,"parent":0,"menu_order":0,"comment_status":"closed","ping_status":"closed","template":"","meta":{"_breakdance_hide_in_design_set":false,"_breakdance_tags":"","footnotes":""},"class_list":["post-17284","page","type-page","status-publish","hentry"],"meta_box":[],"_links":{"self":[{"href":"https:\/\/motorsportengineering.com\/de\/wp-json\/wp\/v2\/pages\/17284","targetHints":{"allow":["GET"]}}],"collection":[{"href":"https:\/\/motorsportengineering.com\/de\/wp-json\/wp\/v2\/pages"}],"about":[{"href":"https:\/\/motorsportengineering.com\/de\/wp-json\/wp\/v2\/types\/page"}],"author":[{"embeddable":true,"href":"https:\/\/motorsportengineering.com\/de\/wp-json\/wp\/v2\/users\/1"}],"replies":[{"embeddable":true,"href":"https:\/\/motorsportengineering.com\/de\/wp-json\/wp\/v2\/comments?post=17284"}],"version-history":[{"count":1,"href":"https:\/\/motorsportengineering.com\/de\/wp-json\/wp\/v2\/pages\/17284\/revisions"}],"predecessor-version":[{"id":20013,"href":"https:\/\/motorsportengineering.com\/de\/wp-json\/wp\/v2\/pages\/17284\/revisions\/20013"}],"wp:attachment":[{"href":"https:\/\/motorsportengineering.com\/de\/wp-json\/wp\/v2\/media?parent=17284"}],"curies":[{"name":"wp","href":"https:\/\/api.w.org\/{rel}","templated":true}]}}